{"id":3334,"date":"2021-06-24T13:06:01","date_gmt":"2021-06-24T13:06:01","guid":{"rendered":"https:\/\/malehbranca.com\/index.php\/split-screen-white\/"},"modified":"2025-02-22T03:33:16","modified_gmt":"2025-02-22T02:33:16","slug":"split-screen-white","status":"publish","type":"page","link":"https:\/\/malehbranca.com\/","title":{"rendered":"Split Screen White"},"content":{"rendered":"<div class=\"wpb-content-wrapper\"><p>[vc_row full_width=&#8221;stretch_row_content_no_spaces&#8221;][vc_column]<div class=\"split-screen split-screen-69dfda3a1bd28\"><div class=\"item\"><div class=\"image\"><div class=\"img-item\" style=\"background-image: url(https:\/\/malehbranca.com\/wp-content\/uploads\/2025\/02\/MALEHBRANCA_PORTADA04.jpg);\"><\/div><div class=\"img-item\" style=\"background-image: url(https:\/\/malehbranca.com\/wp-content\/uploads\/2025\/02\/MALEHBRANCA_PORTADA03.jpg);\"><\/div><div class=\"img-item\" style=\"background-image: url(https:\/\/malehbranca.com\/wp-content\/uploads\/2025\/02\/MALEHBRANCA_PORTADA02.jpg);\"><\/div><div class=\"img-item\" style=\"background-image: url(https:\/\/malehbranca.com\/wp-content\/uploads\/2025\/02\/MALEHBRANCA_PORTADA01.jpg);\"><\/div><\/div><div class=\"content\"><div class=\"cell\">      <div class=\"heading-block heading-5d665e75cdf1c tal h-h2 with-line\">\n                  <div class=\"sub-h\">Creatividad<\/div>\n                  <h2 class=\"h\">Crea cosas \u00fanicas,<br \/>\nama lo que haces<br \/>\ny sigue creciendo.<\/h2>\n              <\/div>\n    [vc_column_text css=&#8221;&#8221;]La bater\u00eda no es solo un instrumento, es el latido de la m\u00fasica. Con cada redoble y cada ritmo, Maleh Branca marca el pulso de Panam\u00e1 y transforma la energ\u00eda en arte.[\/vc_column_text]    <div class=\"num-box-items num-box-5d666b8337e73 row\">\n          <div class=\" col-12 col-sm-6 col-md-4\">\n      <div class=\"num-box num-box-item-5d667106fd226\">\n        <div class=\"num\">\n          <span>140<\/span>\n                      <em>+<\/em>\n                  <\/div>\n                  <div class=\"title\">Producciones<br \/>\ny colaboraciones art\u00edsticas<\/div>\n              <\/div>\n    <\/div>\n        <div class=\" col-12 col-sm-6 col-md-4\">\n      <div class=\"num-box num-box-item-5d6671187d7b8\">\n        <div class=\"num\">\n          <span>105<\/span>\n                      <em>+<\/em>\n                  <\/div>\n                  <div class=\"title\">Grabaciones y sesiones<br \/>\nde estudio<\/div>\n              <\/div>\n    <\/div>\n        <div class=\" col-12 col-sm-6 col-md-4\">\n      <div class=\"num-box num-box-item-5d6671229cad6\">\n        <div class=\"num\">\n          <span>230<\/span>\n                      <em>+<\/em>\n                  <\/div>\n                  <div class=\"title\">Presentaciones<br \/>\nen vivo<\/div>\n              <\/div>\n    <\/div>\n        <\/div>\n    <\/div><\/div><\/div><div class=\"item\"><div class=\"image\"><div class=\"img-item\" style=\"background-image: url(https:\/\/malehbranca.com\/wp-content\/uploads\/2025\/02\/MALEHBRANCA_biografia03.jpg);\"><\/div><div class=\"img-item\" style=\"background-image: url(https:\/\/malehbranca.com\/wp-content\/uploads\/2025\/02\/MALEHBRANCA_biografia01.jpg);\"><\/div><div class=\"img-item\" style=\"background-image: url(https:\/\/malehbranca.com\/wp-content\/uploads\/2025\/02\/MALEHBRANCA_biografia04.jpg);\"><\/div><div class=\"img-item\" style=\"background-image: url(https:\/\/malehbranca.com\/wp-content\/uploads\/2025\/02\/MALEHBRANCA_biografia02.jpg);\"><\/div><\/div><div class=\"content\"><div class=\"cell\">      <div class=\"heading-block heading-5d6675fe983b0 tal h-h2 with-line\">\n                  <div class=\"sub-h\">Biograf\u00eda<\/div>\n                  <h2 class=\"h\">Maleh Branca<\/h2>\n              <\/div>\n    [vc_raw_html css=&#8221;&#8221;]JTBBJTNDZGl2JTIwY2xhc3MlM0QlMjJjb250YWN0LXJvdyUyMiUzRSUzQyUyRmklM0UlM0NzcGFuJTNFTWFsZWglMjBCcmFuY2ElMjBlcyUyMHVuYSUyMHRhbGVudG9zYSUyMHklMjBtdWx0aWZhYyVDMyVBOXRpY2ElMjBhcnRpc3RhJTJDJTIwZW1wcmVuZGVkb3JhJTIweSUyMGVtYmFqYWRvcmElMjBkZSUyMG1hcmNhJTIwcGFuYW1lJUMzJUIxYSUyQyUyMGNvbiUyMG0lQzMlQTFzJTIwZGUlMjAyMCUyMGElQzMlQjFvcyUyMGRlJTIwdHJheWVjdG9yaWElMjBlbiUyMGVsJTIwbXVuZG8lMjBkZWwlMjBlbnRyZXRlbmltaWVudG8uJTIwQSUyMGxvJTIwbGFyZ28lMjBkZSUyMHN1JTIwY2FycmVyYSUyQyUyMGhhJTIwZGVzdGFjYWRvJTIwY29tbyUyMGJhdGVyaXN0YSUyQyUyMHBhcnRpY2lwYW5kbyUyMGVuJTIwZXNwZWN0JUMzJUExY3Vsb3MlMjBlbiUyMHZpdm8lMjB5JTIwY29sYWJvcmFuZG8lMjBjb24lMjByZWNvbm9jaWRvcyUyMGFydGlzdGFzJTIwZGUlMjBsYSUyMGVzY2VuYSUyMGxvY2FsJTIwZSUyMGludGVybmFjaW9uYWwlMkMlMjBjb21vJTIwSm9leSUyME1vbnRhbmElMkMlMjBBcmlhbmElMjBCYWRpJTIweSUyMExhJTIwQ2hvdGElMjA1MDcuJTIwU3UlMjBlbmVyZyVDMyVBRGElMjBlbiUyMGVsJTIwZXNjZW5hcmlvJTIweSUyMHN1JTIwaGFiaWxpZGFkJTIwbXVzaWNhbCUyMGxhJTIwaGFuJTIwY29udmVydGlkbyUyMGVuJTIwdW5hJTIwZGUlMjBsYXMlMjBmaWd1cmFzJTIwbSVDMyVBMXMlMjBpbmZsdXllbnRlcyUyMGVuJTIwbGElMjBtJUMzJUJBc2ljYSUyMGRlJTIwUGFuYW0lQzMlQTEuJTBBJTNDYnIlMjAlMkYlM0UlMEElM0NiciUyMCUyRiUzRSUwQUFkZW0lQzMlQTFzJTJDJTIwTWFsZWglMjBlcyUyMGxhJTIwZnVuZGFkb3JhJTIweSUyMGVtYmFqYWRvcmElMjBkZSUyMCUyMkNhZiVDMyVBOSUyMEJyYW5jYSUyMiUyQyUyMHVuYSUyMG1hcmNhJTIwZGUlMjBjYWYlQzMlQTklMjBxdWUlMjByZWZsZWphJTIwc3UlMjBwYXNpJUMzJUIzbiUyMHBvciUyMGVsJTIwZW1wcmVuZGltaWVudG8lMjB5JTIwc3UlMjBhbW9yJTIwcG9yJTIwbGElMjBjdWx0dXJhJTIwY2FmZXRlcmEuJTIwRXN0YSUyMG1hcmNhJTIwc2UlMjBkaXN0aW5ndWUlMjBwb3IlMjBvZnJlY2VyJTIwcHJvZHVjdG9zJTIwZGUlMjBjYWxpZGFkJTIwc3VwZXJpb3IlMkMlMjByZWZsZWphbmRvJTIwZWwlMjBjb21wcm9taXNvJTIwZGUlMjBNYWxlaCUyMGNvbiUyMGVsJTIwZGVzYXJyb2xsbyUyMGxvY2FsJTIweSUyMGxhJTIwZXhjZWxlbmNpYSUyMGVuJTIwY2FkYSUyMGRldGFsbGUuJTBBJTNDYnIlMjAlMkYlM0UlMEElM0NiciUyMCUyRiUzRSUwQUVuJTIwMjAyNCUyQyUyMHN1JTIwaW5jYW5zYWJsZSUyMGRlZGljYWNpJUMzJUIzbiUyMGElMjBsYSUyMG0lQzMlQkFzaWNhJTJDJTIwbGElMjBjdWx0dXJhJTIweSUyMGVsJTIwZW1wcmVuZGltaWVudG8lMjBmdWUlMjByZWNvbm9jaWRhJTIwY29uJTIwdW5hJTIwbm9taW5hY2klQzMlQjNuJTIwZW4lMjBsb3MlMjBwcmVtaW9zJTIwJTIyUGFuYW0lQzMlQTElMjBlbiUyMFBvc2l0aXZvJTIyJTJDJTIwZGVzdGFjYW5kbyUyMHN1JTIwY29udHJpYnVjaSVDMyVCM24lMjBhbCUyMGFydGUlMjB5JTIwc3UlMjBpbXBhY3RvJTIwZW4lMjBsYSUyMHNvY2llZGFkJTIwcGFuYW1lJUMzJUIxYS4lM0MlMkZzcGFuJTNFJTNDJTJGZGl2JTNF[\/vc_raw_html]<\/div><\/div><\/div><div class=\"item\"><div class=\"image\"><div class=\"img-item\" style=\"background-image: url(https:\/\/malehbranca.com\/wp-content\/uploads\/2025\/02\/MALEHBRANCA_servicios03.jpg);\"><\/div><div class=\"img-item\" style=\"background-image: url(https:\/\/malehbranca.com\/wp-content\/uploads\/2025\/02\/MALEHBRANCA_servicios02.jpg);\"><\/div><div class=\"img-item\" style=\"background-image: url(https:\/\/malehbranca.com\/wp-content\/uploads\/2025\/02\/MALEHBRANCA_servicios01.jpg);\"><\/div><\/div><div class=\"content\"><div class=\"cell\">      <div class=\"heading-block heading-5d667628d9a83 tal h-h2 with-line\">\n                  <div class=\"sub-h\">Maleh Branca: M\u00fasica y Caf\u00e9:<\/div>\n                  <h2 class=\"h\">M\u00fasica<br \/>\n<span>y Caf\u00e9<\/span><\/h2>\n              <\/div>\n        <div class=\"icon-box-block icon-box-block-5d6766e6078fc row\">\n          <div class=\" col-12 col-sm-6\">\n      <div class=\"icon-box icon-box-style-5d6766ee32bbb\">\n                  <div class=\"icon\"><i class=\"music-and-multimedia-drumsticks\"><\/i><\/div>\n                  <h5 class=\"title\">La baterista<\/h5>\n                  <div class=\"desc\">Como baterista profesional, Maleh Branca ofrece una energ\u00eda \u00fanica en cada espect\u00e1culo en vivo. Con experiencia en grabaciones de estudio y colaboraciones con bandas y artistas, su estilo vers\u00e1til y creativo le permite adaptarse a diferentes g\u00e9neros y crear una atm\u00f3sfera musical \u00fanica.<\/div>\n              <\/div>\n    <\/div>\n        <div class=\" col-12 col-sm-6\">\n      <div class=\"icon-box icon-box-style-5d676734cc4a8\">\n                  <div class=\"icon\"><i class=\"web-application-icon-coffee-cup-with-steam\"><\/i><\/div>\n                  <h5 class=\"title\">La emprendedora<\/h5>\n                  <div class=\"desc\">Como emprendedora, Maleh Branca lleva su pasi\u00f3n por el caf\u00e9 a un nuevo nivel con Caf\u00e9 Branca. Ofreciendo una selecci\u00f3n exclusiva de caf\u00e9s de alta calidad, su marca refleja el compromiso con la excelencia.<\/div>\n              <\/div>\n    <\/div>\n        <\/div>\n    <\/div><\/div><\/div><div class=\"item\"><div class=\"image\"><div class=\"img-item\" style=\"background-image: url(https:\/\/malehbranca.com\/wp-content\/uploads\/2025\/02\/MALEHBRANCA_contacto01.jpg);\"><\/div><div class=\"img-item\" style=\"background-image: url(https:\/\/malehbranca.com\/wp-content\/uploads\/2025\/02\/MALEHBRANCA_contacto02.jpg);\"><\/div><div class=\"img-item\" style=\"background-image: url(https:\/\/malehbranca.com\/wp-content\/uploads\/2025\/02\/MALEHBRANCA_contacto03.jpg);\"><\/div><\/div><div class=\"content\"><div class=\"cell\">      <div class=\"heading-block heading-5d66763b0e3fb tal h-h2 with-line\">\n                  <div class=\"sub-h\">Contacto<\/div>\n                  <h2 class=\"h\">Mensajes<br \/>\nconsultas<br \/>\n<span>Solicitudes de colaboraci\u00f3n<\/span><\/h2>\n              <\/div>\n    [vc_raw_html css=&#8221;&#8221;]JTNDZGl2JTIwY2xhc3MlM0QlMjJjb250YWN0LXJvdyUyMiUzRSUzQ2klMjBjbGFzcyUzRCUyMmJhc2UtaWNvbi1waG9uZS1jYWxsJTIyJTNFJTNDJTJGaSUzRSUzQ3NwYW4lM0UlMkI1MDclMjA2NzgxLTA1NzclM0MlMkZzcGFuJTNFJTNDJTJGZGl2JTNFJTBBJTNDZGl2JTIwY2xhc3MlM0QlMjJjb250YWN0LXJvdyUyMiUzRSUzQ2klMjBjbGFzcyUzRCUyMmJhc2UtaWNvbi1lbnZlbG9wZSUyMiUzRSUzQyUyRmklM0UlM0NzcGFuJTNFbGFiYXRlcmlzdGElNDBtYWxlaGJyYW5jYS5jb20lMkYlMjBsYWJhdGVyaXN0YTUwNyU0MGdtYWlsLmNvbSUzQyUyRnNwYW4lM0UlM0MlMkZkaXYlM0UlMEElM0NkaXYlMjBjbGFzcyUzRCUyMmNvbnRhY3Qtcm93JTIyJTNFJTNDaSUyMGNsYXNzJTNEJTIyYmFzZS1pY29uLXBsYWNlaG9sZGVyJTIyJTNFJTNDJTJGaSUzRSUzQ3NwYW4lM0VFZGlmaWNpbyUyMEVsJTIwRG9yYWRvJTJDJTIwcGxhbnRhJTIwYmFqYSUyQyUyMGZyZW50ZSUyMGElMjBsYSUyMENhamElMjBkZSUyMEFob3Jyb3MlMjB5JTIwYWwlMjBsYWRvJTIwZGUlMjBsYSUyMENsJUMzJUFEbmljYSUyMERlbnRhbCUyMEVzcGVjaWFsaXphZGElMjBJbm1lZGlhdG8uJTNDJTJGc3BhbiUzRSUzQyUyRmRpdiUzRQ==[\/vc_raw_html][vc_column_text css=&#8221;&#8221;]\n<div class=\"wpcf7 no-js\" id=\"wpcf7-f7-o1\" lang=\"es-ES\" dir=\"ltr\" data-wpcf7-id=\"7\">\n<div class=\"screen-reader-response\"><p role=\"status\" aria-live=\"polite\" aria-atomic=\"true\"><\/p> <ul><\/ul><\/div>\n<form action=\"\/index.php\/wp-json\/wp\/v2\/pages\/3334#wpcf7-f7-o1\" method=\"post\" class=\"wpcf7-form init\" aria-label=\"Formulario de contacto\" novalidate=\"novalidate\" data-status=\"init\">\n<div style=\"display: none;\">\n<input type=\"hidden\" name=\"_wpcf7\" value=\"7\" \/>\n<input type=\"hidden\" name=\"_wpcf7_version\" value=\"6.0.6\" \/>\n<input type=\"hidden\" name=\"_wpcf7_locale\" value=\"es_ES\" \/>\n<input type=\"hidden\" name=\"_wpcf7_unit_tag\" value=\"wpcf7-f7-o1\" \/>\n<input type=\"hidden\" name=\"_wpcf7_container_post\" value=\"0\" \/>\n<input type=\"hidden\" name=\"_wpcf7_posted_data_hash\" value=\"\" \/>\n<\/div>\n<label> Su Nombre\n    <span class=\"wpcf7-form-control-wrap\" data-name=\"your-name\"><input size=\"40\" maxlength=\"400\" class=\"wpcf7-form-control wpcf7-text wpcf7-validates-as-required\" autocomplete=\"name\" aria-required=\"true\" aria-invalid=\"false\" value=\"\" type=\"text\" name=\"your-name\" \/><\/span> <\/label>\n\n<label> Su correo electr\u00f3nico \n    <span class=\"wpcf7-form-control-wrap\" data-name=\"your-email\"><input size=\"40\" maxlength=\"400\" class=\"wpcf7-form-control wpcf7-email wpcf7-validates-as-required wpcf7-text wpcf7-validates-as-email\" autocomplete=\"email\" aria-required=\"true\" aria-invalid=\"false\" value=\"\" type=\"email\" name=\"your-email\" \/><\/span> <\/label>\n\n<label> Asunto\n    <span class=\"wpcf7-form-control-wrap\" data-name=\"your-subject\"><input size=\"40\" maxlength=\"400\" class=\"wpcf7-form-control wpcf7-text wpcf7-validates-as-required\" aria-required=\"true\" aria-invalid=\"false\" value=\"\" type=\"text\" name=\"your-subject\" \/><\/span> <\/label>\n\n<label> Su mensaje\n    <span class=\"wpcf7-form-control-wrap\" data-name=\"your-message\"><textarea cols=\"40\" rows=\"10\" maxlength=\"2000\" class=\"wpcf7-form-control wpcf7-textarea\" aria-invalid=\"false\" name=\"your-message\"><\/textarea><\/span> <\/label>\n\n<input class=\"wpcf7-form-control wpcf7-submit has-spinner\" type=\"submit\" value=\"Enviar\" \/><div class=\"wpcf7-response-output\" aria-hidden=\"true\"><\/div>\n<\/form>\n<\/div>\n[\/vc_column_text]<\/div><\/div><\/div><\/div>[\/vc_column][\/vc_row]<\/p>\n<\/div>","protected":false},"excerpt":{"rendered":"<p>[vc_row full_width=&#8221;stretch_row_content_no_spaces&#8221;][vc_column][\/vc_column][\/vc_row]<\/p>\n","protected":false},"author":1,"featured_media":0,"parent":0,"menu_order":0,"comment_status":"closed","ping_status":"closed","template":"template-landing.php","meta":{"_acf_changed":false,"footnotes":""},"class_list":["post-3334","page","type-page","status-publish","hentry"],"acf":[],"_links":{"self":[{"href":"https:\/\/malehbranca.com\/index.php\/wp-json\/wp\/v2\/pages\/3334","targetHints":{"allow":["GET"]}}],"collection":[{"href":"https:\/\/malehbranca.com\/index.php\/wp-json\/wp\/v2\/pages"}],"about":[{"href":"https:\/\/malehbranca.com\/index.php\/wp-json\/wp\/v2\/types\/page"}],"author":[{"embeddable":true,"href":"https:\/\/malehbranca.com\/index.php\/wp-json\/wp\/v2\/users\/1"}],"replies":[{"embeddable":true,"href":"https:\/\/malehbranca.com\/index.php\/wp-json\/wp\/v2\/comments?post=3334"}],"version-history":[{"count":35,"href":"https:\/\/malehbranca.com\/index.php\/wp-json\/wp\/v2\/pages\/3334\/revisions"}],"predecessor-version":[{"id":3460,"href":"https:\/\/malehbranca.com\/index.php\/wp-json\/wp\/v2\/pages\/3334\/revisions\/3460"}],"wp:attachment":[{"href":"https:\/\/malehbranca.com\/index.php\/wp-json\/wp\/v2\/media?parent=3334"}],"curies":[{"name":"wp","href":"https:\/\/api.w.org\/{rel}","templated":true}]}}